{"id":8423,"date":"2018-11-06T11:06:17","date_gmt":"2018-11-06T10:06:17","guid":{"rendered":"https:\/\/johancruyffinstitute.com\/ecommerce\/?page_id=8423"},"modified":"2020-08-03T12:35:29","modified_gmt":"2020-08-03T10:35:29","slug":"politica-de-privacidad","status":"publish","type":"page","link":"https:\/\/johancruyffinstitute.com\/ecommerce\/es\/politica-de-privacidad\/","title":{"rendered":"Pol\u00edtica de privacidad"},"content":{"rendered":"<h4 class=\"privacy\">Informaci\u00f3n sobre protecci\u00f3n de datos<\/h4>\r\n<table class=\"privacy\">\r\n<tbody>\r\n<tr>\r\n<td><strong>DENOMINACI\u00d3N SOCIAL<\/strong><\/td>\r\n<td><strong>Identidad: <\/strong>JOHAN CRUYFF ACADEMICS INTERNATIONAL, SL (\u00abJCI\u00bb).<br \/><strong>Direcci\u00f3n postal:<\/strong> Calle Pomaret, 8 08017 Barcelona, Espa\u00f1a<br \/><strong>Tel\u00e9fono: <\/strong><a href=\"tel:+34 934187868\">+34 934187868<\/a><br \/><strong>Email:<\/strong> <a href=\"mailto:dpd@cruyffinstitute.org\">dpd@cruyffinstitute.org<\/a><\/td>\r\n<\/tr>\r\n<tr>\r\n<td><strong id=\"finalidad\">FINALIDAD<\/strong><\/td>\r\n<td><strong>\u00bfPara qu\u00e9 usamos los datos?<\/strong>\r\n<p>JCI recoge y trata en el marco de sus actividades acad\u00e9micas, datos personales de (1) personas interesadas en sus programas; (2) alumnos y (3) antiguos alumnos. JCI tratar\u00e1 estos datos, as\u00ed como lo que trate para sus tareas administrativas, de manera leal y l\u00edcita, dando cumplimiento en cualquier caso a lo establecido en el Reglamento (UE) 2016\/679 del Parlamento Europeo y del Consejo (\u00abRGPD\u00bb).<\/p>\r\n<p>La siguiente Pol\u00edtica de privacidad establece los t\u00e9rminos en que trataremos los datos personales en JCI; esto incluye cualquier dato personal recogido a trav\u00e9s de nuestra p\u00e1gina web <a href=\"https:\/\/johancruyffinstitute.com\/es\/\">www.johancruyffinstitute.com<\/a>, as\u00ed como cualquier otro dato que tratemos en ejercicio de nuestras actividades acad\u00e9micas y empresariales.<\/p>\r\n<p>JCI recoge los siguientes datos personales con las finalidades a continuaci\u00f3n indicadas:<\/p>\r\n<ol>\r\n<li><strong>Formulario general de contacto y formularios sobre cursos y programas:<\/strong> los datos personales recogidos a trav\u00e9s de este formulario ser\u00e1n exclusivamente utilizados para informarte sobre los servicios que nos hayan solicitado. En el caso que nos de tu consentimiento expl\u00edcito, los datos de contactos, podr\u00e1n ser tratados con fines promocionales, siempre para ofrecer productos o servicios de JCI.<\/li>\r\n<li><strong>Alumnos:<\/strong> los datos de los alumnos de nuestros cursos y programas, \u00fanicamente ser\u00e1n tratados en el marco de las actividades acad\u00e9micas y para gestionar la relaci\u00f3n entre los alumnos y JCI. Tambi\u00e9n se usar\u00e1n los datos de los alumnos para llevar a cabo todas las tareas administrativas que emanen de la prestaci\u00f3n del servicio. Adem\u00e1s, y en el marco del inter\u00e9s leg\u00edtimo de JCI, los datos de los alumnos podr\u00e1n ser tratados con fines promocionales, siempre para ofrecer productos o servicios de JCI. Para cualquier otro uso se solicitar\u00e1 el consentimiento previo y expl\u00edcito del alumno.<\/li>\r\n<li><strong>Exalumnos:<\/strong> en el caso de los antiguos alumnos de JCI los datos personales de los mismos ser\u00e1n utilizados a efectos de crear una comunidad de exalumnos (Alumni), siempre con tu consentimiento expl\u00edcito. Adem\u00e1s, y en el marco del inter\u00e9s leg\u00edtimo de JCI los datos de los exalumnos podr\u00e1n ser tratados con fines promocionales, siempre para ofrecer productos o servicios de JCI. Para cualquier otro uso se solicitar\u00e1 el consentimiento previo y expl\u00edcito del exalumno.<\/li>\r\n<li><strong>Redes sociales:<\/strong> cualquier dato que nos sea facilitado o que pueda compartirse a trav\u00e9s de las Redes sociales en las que JCI tiene cuenta activa, ser\u00e1n tratados de acuerdo a las Pol\u00edticas de Privacidad de cada Red social. Recomendamos a los usuarios de dichas redes sociales que lean y que revisen peri\u00f3dicamente antes de interaccionar con JCI a trav\u00e9s de las citadas Redes sociales.<\/li>\r\n<li><strong>Datos de candidatos:<\/strong> en el caso de realizar entrevistas de trabajo en nuestras oficinas, los datos de los candidatos ser\u00e1n utilizados para cubrir posibles vacantes laborales en JCI. En el supuesto de ser contratado por nuestra compa\u00f1\u00eda, los datos personales del trabajador ser\u00e1n exclusivamente utilizados para gestionar la relaci\u00f3n laboral con JCI.<\/li>\r\n<li><strong>Personas de contacto de entidades:<\/strong> tambi\u00e9n podemos captar datos de diferentes personas de contacto de empresas, entidades, administraciones p\u00fablicas, as\u00ed como cualquier otra persona jur\u00eddica con la que JCI establezca cualquier tipo de relaci\u00f3n en el marco de la prestaci\u00f3n de sus servicios.<\/li>\r\n<\/ol>\r\n<p><strong>\u00bfCu\u00e1nto tiempo custodiamos los datos?<\/strong><\/p>\r\n<p>En el caso de aquellos datos que son tratados en el marco de una relaci\u00f3n contractual entre el titular del dato y JCI, los datos personales ser\u00e1n tratados mientras dure la citada relaci\u00f3n contractual y, una vez concluida, durante el tiempo de prescripci\u00f3n de las acciones legales emanadas del cumplimiento o incumplimiento de dicha relaci\u00f3n contractual. Este ser\u00eda el caso de los datos de alumnos o de trabajadores.<\/p>\r\n<p>En los supuestos en que los datos son tratados en virtud del consentimiento del titular del dato (uso promocional de datos de contacto) o en virtud del inter\u00e9s leg\u00edtimo de JCI, los datos ser\u00e1n tratados hasta la revocaci\u00f3n del consentimiento o hasta que decaiga el inter\u00e9s leg\u00edtimo de JCI en el tratamiento del dato.<\/p>\r\n<p>En aquellos casos de contactos en que no nos hayas dado el consentimiento para el tratamiento de tus datos con fines promocionales, tus datos ser\u00e1n autom\u00e1ticamente eliminados de nuestros sistemas, transcurridos 36 meses desde tu petici\u00f3n de informaci\u00f3n, siempre que no hayas mostrado m\u00e1s inter\u00e9s en los productos o servicios de JCI.<\/p>\r\n<p>En relaci\u00f3n a los datos laborales \u00e9stos ser\u00e1n tratados mientras dure dicha relaci\u00f3n y una vez concluida, por el tiempo necesario para responder por posibles incumplimientos en este \u00e1mbito. En el supuesto de realizar alguna entrevista por una vacante laboral, sus datos personales ser\u00e1n archivados por un per\u00edodo de un a\u00f1o, tras los cuales, de no haber sido seleccionado, ser\u00e1n borrados de nuestros sistemas.<\/p>\r\n<\/td>\r\n<\/tr>\r\n<tr>\r\n<td><strong id=\"legitimacion\">LEGITIMACI\u00d3N<\/strong><\/td>\r\n<td>Los datos de alumnos y trabajadores son tratados por JCI, para el cumplimiento de la relaci\u00f3n contractual. Tu eventual negativa a no entregar datos personales en estos casos, puede impedir que JCI sea incapaz de dar por perfeccionado el contrato.\r\n<p>\u00danicamente trataremos tus datos con fines promocionales si nos has dado tu consentimiento espec\u00edfico para ello. Siempre tendr\u00e1s la opci\u00f3n de revocar tu consentimiento para el tratamiento de tus datos con estos fines.<\/p>\r\n<p>En el caso del tratamiento de los datos alumnos y exalumnos con fines promocionales, trataremos tus datos en base al inter\u00e9s leg\u00edtimo de JCI.<\/p>\r\n<p>Los datos personales de personas de contacto de las entidades, son tratados en base al inter\u00e9s leg\u00edtimo de JCI.<\/p>\r\n<\/td>\r\n<\/tr>\r\n<tr>\r\n<td><strong id=\"destinatarios\">DESTINATARIOS<\/strong><\/td>\r\n<td><strong>Cesiones de datos a terceros<\/strong>\r\n<p>Sin perjuicio del supuesto recogido a continuaci\u00f3n, tus datos personales no ser\u00e1n cedidos a terceros, sin tu consentimiento previo y expl\u00edcito.<\/p>\r\n<p>En el caso que solicites informaci\u00f3n relativa a cursos o programas gestionados en alg\u00fan lugar del mundo en el que JCI tenga presencia, tus datos personales pueden ser cedidos a nuestros agentes internacionales. Entre estos pa\u00edses pueden incluirse estados que no ofrecen un nivel de protecci\u00f3n adecuado. En este caso esta transferencia internacional de datos est\u00e1 basada en el art. 49.1b) del RGPD siendo necesaria \u00ab<em>para la ejecuci\u00f3n de un contrato entre el interesado y el responsable del tratamiento o para la ejecuci\u00f3n de medidas precontractuales adoptadas a solicitud del interesado<\/em>\u00ab.<\/p>\r\n<\/td>\r\n<\/tr>\r\n<tr>\r\n<td><strong>CATEGOR\u00cdAS DE DATOS<\/strong><\/td>\r\n<td><strong>Categor\u00edas de datos tratados:<\/strong>\r\n<ul>\r\n<li>Datos identificativos (nombre y apellidos).<\/li>\r\n<li>Datos de contacto (email, tel\u00e9fono, direcci\u00f3n postal).<\/li>\r\n<li>Datos econ\u00f3micos.<\/li>\r\n<li>Datos acad\u00e9micos.<\/li>\r\n<li>Datos profesionales.<\/li>\r\n<li>Ocasionalmente podemos tratar datos salud del interesado o sus familiares (por ejemplo para anulaci\u00f3n de matr\u00edculas). Tambi\u00e9n podemos obtener datos relativos a alergias o intolerancias alimentarias de los asistentes a eventos gestionados por JCI.<\/li>\r\n<\/ul>\r\n<\/td>\r\n<\/tr>\r\n<tr>\r\n<td><strong id=\"derechos\">DERECHOS<\/strong><\/td>\r\n<td><strong>Tienes derecho a:<\/strong>\r\n<ul>\r\n<li>Retirar tu consentimiento para los tratamientos de datos en que \u00e9ste sea necesario.<\/li>\r\n<li>Acceder a tus datos personales.<\/li>\r\n<li>Rectificar tus datos personales.<\/li>\r\n<li>Suprimir tus datos personales.<\/li>\r\n<li>Solicitar la portabilidad de tus datos personales.<\/li>\r\n<li>Presentar una denuncia o un escrito para la tutela de tus derechos ante la Agencia Espa\u00f1ola de Protecci\u00f3n de Datos o ante la agencia auton\u00f3mica de protecci\u00f3n de datos, en caso que existiera.<\/li>\r\n<li>Ser informado de cualquier incidencia de seguridad que pueda afectar a tus derechos.<\/li>\r\n<li>Solicitar la limitaci\u00f3n del tratamiento de sus datos, en cuyo caso \u00fanicamente los conservaremos para el ejercicio o la defensa de reclamaciones.<\/li>\r\n<\/ul>\r\n<\/td>\r\n<\/tr>\r\n<\/tbody>\r\n<\/table>","protected":false},"excerpt":{"rendered":"<p>Informaci\u00f3n sobre protecci\u00f3n de datos DENOMINACI\u00d3N SOCIAL Identidad: JOHAN CRUYFF ACADEMICS INTERNATIONAL, SL (\u00abJCI\u00bb).Direcci\u00f3n postal: Calle Pomaret, 8 08017 Barcelona, Espa\u00f1aTel\u00e9fono: +34 934187868Email: dpd@cruyffinstitute.org FINALIDAD \u00bfPara qu\u00e9 usamos los datos? JCI recoge y trata en el marco de sus actividades acad\u00e9micas, datos personales de (1) personas interesadas en sus programas; (2) alumnos y (3) antiguos alumnos. JCI tratar\u00e1 estos datos, as\u00ed como lo que trate para sus tareas administrativas, de manera leal y l\u00edcita, dando cumplimiento en cualquier caso a lo establecido en el Reglamento (UE) 2016\/679 del Parlamento Europeo y del Consejo (\u00abRGPD\u00bb). La siguiente Pol\u00edtica de privacidad establece los t\u00e9rminos en que trataremos los datos personales en JCI; esto incluye cualquier dato personal recogido a trav\u00e9s de nuestra p\u00e1gina web www.johancruyffinstitute.com, as\u00ed como cualquier otro dato que tratemos en ejercicio de nuestras actividades acad\u00e9micas y empresariales. JCI recoge los siguientes datos personales con las finalidades a continuaci\u00f3n indicadas: Formulario general de contacto y formularios sobre cursos y programas: los datos personales recogidos a trav\u00e9s de este formulario ser\u00e1n exclusivamente utilizados para informarte sobre los servicios que nos hayan solicitado. En el caso que nos de tu consentimiento expl\u00edcito, los datos de contactos, podr\u00e1n ser tratados con fines promocionales, [&hellip;]<\/p>\n","protected":false},"author":2,"featured_media":0,"parent":0,"menu_order":0,"comment_status":"closed","ping_status":"open","template":"","meta":{"footnotes":""},"class_list":["post-8423","page","type-page","status-publish","hentry"],"_links":{"self":[{"href":"https:\/\/johancruyffinstitute.com\/ecommerce\/es\/wp-json\/wp\/v2\/pages\/8423","targetHints":{"allow":["GET"]}}],"collection":[{"href":"https:\/\/johancruyffinstitute.com\/ecommerce\/es\/wp-json\/wp\/v2\/pages"}],"about":[{"href":"https:\/\/johancruyffinstitute.com\/ecommerce\/es\/wp-json\/wp\/v2\/types\/page"}],"author":[{"embeddable":true,"href":"https:\/\/johancruyffinstitute.com\/ecommerce\/es\/wp-json\/wp\/v2\/users\/2"}],"replies":[{"embeddable":true,"href":"https:\/\/johancruyffinstitute.com\/ecommerce\/es\/wp-json\/wp\/v2\/comments?post=8423"}],"version-history":[{"count":0,"href":"https:\/\/johancruyffinstitute.com\/ecommerce\/es\/wp-json\/wp\/v2\/pages\/8423\/revisions"}],"wp:attachment":[{"href":"https:\/\/johancruyffinstitute.com\/ecommerce\/es\/wp-json\/wp\/v2\/media?parent=8423"}],"curies":[{"name":"wp","href":"https:\/\/api.w.org\/{rel}","templated":true}]}}