{"id":15415,"date":"2021-10-25T15:33:57","date_gmt":"2021-10-25T13:33:57","guid":{"rendered":"https:\/\/johancruyffinstitute.com\/ecommerce\/?post_type=product&#038;p=15415"},"modified":"2026-04-02T13:03:55","modified_gmt":"2026-04-02T11:03:55","slug":"master-en-administracion-y-direccion-del-futbol-online","status":"publish","type":"product","link":"https:\/\/johancruyffinstitute.com\/ecommerce\/es\/tienda\/master-en-administracion-y-direccion-del-futbol-online\/","title":{"rendered":"M\u00e1ster en Administraci\u00f3n y Direcci\u00f3n del F\u00fatbol Online"},"content":{"rendered":"","protected":false},"excerpt":{"rendered":"","protected":false},"featured_media":0,"template":"","meta":[],"product_brand":[],"product_cat":[92],"product_tag":[],"class_list":{"0":"post-15415","1":"product","2":"type-product","3":"status-publish","5":"product_cat-master-2","7":"first","8":"instock","9":"shipping-taxable","10":"purchasable","11":"product-type-simple"},"_zoho_id":"1145298000125553131","_track_id":"1145298000357270618","_price_per_credit":"141","_admission_fee":"30","_reservation_fee":"0","_quantity_of_credits":"60","_zoho_categories":"M\u00e1ster","_links":{"self":[{"href":"https:\/\/johancruyffinstitute.com\/ecommerce\/es\/wp-json\/wp\/v2\/product\/15415","targetHints":{"allow":["GET"]}}],"collection":[{"href":"https:\/\/johancruyffinstitute.com\/ecommerce\/es\/wp-json\/wp\/v2\/product"}],"about":[{"href":"https:\/\/johancruyffinstitute.com\/ecommerce\/es\/wp-json\/wp\/v2\/types\/product"}],"wp:attachment":[{"href":"https:\/\/johancruyffinstitute.com\/ecommerce\/es\/wp-json\/wp\/v2\/media?parent=15415"}],"wp:term":[{"taxonomy":"product_brand","embeddable":true,"href":"https:\/\/johancruyffinstitute.com\/ecommerce\/es\/wp-json\/wp\/v2\/product_brand?post=15415"},{"taxonomy":"product_cat","embeddable":true,"href":"https:\/\/johancruyffinstitute.com\/ecommerce\/es\/wp-json\/wp\/v2\/product_cat?post=15415"},{"taxonomy":"product_tag","embeddable":true,"href":"https:\/\/johancruyffinstitute.com\/ecommerce\/es\/wp-json\/wp\/v2\/product_tag?post=15415"}],"curies":[{"name":"wp","href":"https:\/\/api.w.org\/{rel}","templated":true}]}}