{"id":15416,"date":"2021-10-25T15:41:44","date_gmt":"2021-10-25T13:41:44","guid":{"rendered":"https:\/\/johancruyffinstitute.com\/ecommerce\/?post_type=product&#038;p=15416"},"modified":"2025-07-03T23:10:53","modified_gmt":"2025-07-03T21:10:53","slug":"tasa-de-inscripcion-master-en-administracion-y-direccion-del-futbol-online","status":"publish","type":"product","link":"https:\/\/johancruyffinstitute.com\/ecommerce\/es\/tienda\/tasa-de-inscripcion-master-en-administracion-y-direccion-del-futbol-online\/","title":{"rendered":"Tasa de inscripci\u00f3n &#8211; M\u00e1ster en Administraci\u00f3n y Direcci\u00f3n del F\u00fatbol Online"},"content":{"rendered":"","protected":false},"excerpt":{"rendered":"","protected":false},"featured_media":0,"template":"","meta":[],"product_brand":[],"product_cat":[107],"product_tag":[],"class_list":{"0":"post-15416","1":"product","2":"type-product","3":"status-publish","5":"product_cat-pre-enroll","7":"first","8":"instock","9":"shipping-taxable","10":"purchasable","11":"product-type-simple"},"_zoho_id":"1145298000145683250","_track_id":"1145298000210088209","_price_per_credit":"","_admission_fee":"","_reservation_fee":"","_quantity_of_credits":"","_zoho_categories":"Pre Enroll","_links":{"self":[{"href":"https:\/\/johancruyffinstitute.com\/ecommerce\/es\/wp-json\/wp\/v2\/product\/15416","targetHints":{"allow":["GET"]}}],"collection":[{"href":"https:\/\/johancruyffinstitute.com\/ecommerce\/es\/wp-json\/wp\/v2\/product"}],"about":[{"href":"https:\/\/johancruyffinstitute.com\/ecommerce\/es\/wp-json\/wp\/v2\/types\/product"}],"wp:attachment":[{"href":"https:\/\/johancruyffinstitute.com\/ecommerce\/es\/wp-json\/wp\/v2\/media?parent=15416"}],"wp:term":[{"taxonomy":"product_brand","embeddable":true,"href":"https:\/\/johancruyffinstitute.com\/ecommerce\/es\/wp-json\/wp\/v2\/product_brand?post=15416"},{"taxonomy":"product_cat","embeddable":true,"href":"https:\/\/johancruyffinstitute.com\/ecommerce\/es\/wp-json\/wp\/v2\/product_cat?post=15416"},{"taxonomy":"product_tag","embeddable":true,"href":"https:\/\/johancruyffinstitute.com\/ecommerce\/es\/wp-json\/wp\/v2\/product_tag?post=15416"}],"curies":[{"name":"wp","href":"https:\/\/api.w.org\/{rel}","templated":true}]}}