{"id":22431,"date":"2024-09-18T12:33:44","date_gmt":"2024-09-18T10:33:44","guid":{"rendered":"https:\/\/johancruyffinstitute.com\/ecommerce\/?post_type=product&#038;p=22431"},"modified":"2024-09-18T12:36:24","modified_gmt":"2024-09-18T10:36:24","slug":"preinscripcion-programa-de-master-ejecutivo-en-gestion-deportiva-montevideo","status":"publish","type":"product","link":"https:\/\/johancruyffinstitute.com\/ecommerce\/es\/tienda\/preinscripcion-programa-de-master-ejecutivo-en-gestion-deportiva-montevideo\/","title":{"rendered":"Preinscripci\u00f3n Programa de M\u00e1ster Ejecutivo en Gesti\u00f3n Deportiva Montevideo"},"content":{"rendered":"","protected":false},"excerpt":{"rendered":"","protected":false},"featured_media":0,"template":"","meta":[],"product_brand":[],"product_cat":[108],"product_tag":[],"class_list":{"0":"post-22431","1":"product","2":"type-product","3":"status-publish","5":"product_cat-pre-enroll","7":"first","8":"instock","9":"shipping-taxable","10":"purchasable","11":"product-type-simple"},"_zoho_id":"","_track_id":"","_price_per_credit":"","_admission_fee":"","_reservation_fee":"","_quantity_of_credits":"","_zoho_categories":"","_links":{"self":[{"href":"https:\/\/johancruyffinstitute.com\/ecommerce\/es\/wp-json\/wp\/v2\/product\/22431","targetHints":{"allow":["GET"]}}],"collection":[{"href":"https:\/\/johancruyffinstitute.com\/ecommerce\/es\/wp-json\/wp\/v2\/product"}],"about":[{"href":"https:\/\/johancruyffinstitute.com\/ecommerce\/es\/wp-json\/wp\/v2\/types\/product"}],"wp:attachment":[{"href":"https:\/\/johancruyffinstitute.com\/ecommerce\/es\/wp-json\/wp\/v2\/media?parent=22431"}],"wp:term":[{"taxonomy":"product_brand","embeddable":true,"href":"https:\/\/johancruyffinstitute.com\/ecommerce\/es\/wp-json\/wp\/v2\/product_brand?post=22431"},{"taxonomy":"product_cat","embeddable":true,"href":"https:\/\/johancruyffinstitute.com\/ecommerce\/es\/wp-json\/wp\/v2\/product_cat?post=22431"},{"taxonomy":"product_tag","embeddable":true,"href":"https:\/\/johancruyffinstitute.com\/ecommerce\/es\/wp-json\/wp\/v2\/product_tag?post=22431"}],"curies":[{"name":"wp","href":"https:\/\/api.w.org\/{rel}","templated":true}]}}