{"id":8080,"date":"2018-11-06T15:04:48","date_gmt":"2018-11-06T14:04:48","guid":{"rendered":"https:\/\/johancruyffinstitute.com\/product\/curso-de-gestion-financiera-en-organizaciones-deportivas-online\/"},"modified":"2026-04-02T13:38:32","modified_gmt":"2026-04-02T11:38:32","slug":"curso-de-gestion-financiera-en-organizaciones-deportivas-online","status":"publish","type":"product","link":"https:\/\/johancruyffinstitute.com\/ecommerce\/es\/tienda\/curso-de-gestion-financiera-en-organizaciones-deportivas-online\/","title":{"rendered":"Curso de Gesti\u00f3n Financiera en Organizaciones Deportivas Online"},"content":{"rendered":"<div>\n<div>\n<div class=\"entry-content entry-content-programs\">\n<div id=\"bloques-programas-intro\" class=\"primero-programas\">\n<h4 class=\"programas cursos\">Introduccion<\/h4>\n<blockquote>\n<div id=\"quotablecontent\">\n<p>Dominar las finanzas en el mundo del deporte sigue siendo un desaf\u00edo importante para muchos ejecutivos. Una planificaci\u00f3n financiera sana y un conocimiento sobre las opciones de financiaci\u00f3n son aspectos fundamentales a la hora de gestionar o dirigir una organizaci\u00f3n deportiva con \u00e9xito. <strong>Este curso de 2 meses de duraci\u00f3n te introduce a los aspectos clave de la gesti\u00f3n financiera<\/strong> para aplicarlos en tu d\u00eda a d\u00eda como responsable de una organizaci\u00f3n deportiva.<\/p>\n<\/div>\n<\/blockquote>\n<\/div>\n<div id=\"bloques-programas-objetivos\">\n<h4 id=\"objetivos\" class=\"programas cursos\">Objetivos<\/h4>\n<div id=\"quotablecontent\">\n<p>El objetivo principal del Curso de Gesti\u00f3n Financiera en Organizaciones Deportivas es comprender los principios b\u00e1sicos de la gesti\u00f3n financiera aplicados al sector deportivo. Te capacitar\u00e1s en el uso de herramientas de planificaci\u00f3n financiera que te ayudar\u00e1n en tu responsabilidad como ejecutivo\/directivo de una organizaci\u00f3n deportiva.<\/p>\n<p><strong class=\"block\">COMPETENCIAS<\/strong><\/p>\n<ul>\n<li>Entender y saber interpretar los estados financieros de una organizaci\u00f3n deportiva (balance, cuenta de explotaci\u00f3n, tesorer\u00eda).<\/li>\n<li>Elaborar una evaluaci\u00f3n econ\u00f3mica y financiera de proyectos empresariales en el deporte.<\/li>\n<li>Conocer las distintas instituciones y mecanismos p\u00fablicos y privados de financiaci\u00f3n.<\/li>\n<li>Saber reconocer y utilizar todos los recursos financieros disponibles.<\/li>\n<li>Utilizar sistemas de informaci\u00f3n financiera avanzados de apoyo a la toma de decisiones empresariales.<\/li>\n<\/ul>\n<\/div>\n<\/div>\n<div id=\"bloques-programas-itinerario\">\n<h4 class=\"programas cursos\">Itinerario acad\u00e9mico<\/h4>\n<div id=\"quotablecontent\">\n<p><span style=\"line-height: 1.5em\">Tienes la opci\u00f3n de cursar este curso y otros cursos especializados (en cualquier modalidad), acumulando cr\u00e9ditos hasta obtener el Posgrado en Gesti\u00f3n Deportiva (32 ECTS), en Marketing Deportivo (27 ECTS), o en Patrocionio &amp; Mecenazgo (27 ECTS), incluso hasta obtener la titulaci\u00f3n de M\u00e1ster en Gesti\u00f3n Deportiva (60 ECTS) o de M\u00e1ster en Marketing Deportivo y Patrocinio (60 ECTS).<\/span><\/p>\n<\/div>\n<p><img decoding=\"async\" src=\"https:\/\/johancruyffinstitute.com\/ecommerce\/wp-content\/uploads\/2018\/11\/d8d310f51cddbb6976b6493cd46161ea.png\" alt=\"\" \/><\/p>\n<\/div>\n<div id=\"bloques-programas-dirigido\">\n<h4 id=\"dirigido\" class=\"programas cursos\">A qui\u00e9n se dirige<\/h4>\n<div id=\"quotablecontent\">\n<p>El programa est\u00e1 dirigido a aquellas personas que desean completar su formaci\u00f3n con un curso especializado en gesti\u00f3n financiera en organizaciones deportivas.<br \/>\n<strong class=\"block\">Es especialmente adecuado para ti, si:<\/strong><\/p>\n<ul>\n<li>Eres (ex)-deportista y quieres familiarizarte con la gesti\u00f3n financiera aplicada al deporte.<\/li>\n<li>Est\u00e1s trabajando en el \u00e1mbito empresarial y\/o deportivo, y quieres dar un salto cualitativo en tu carrera profesional adquiriendo un conocimiento introductorio de las finanzas.<\/li>\n<\/ul>\n<p><strong class=\"block\">REQUISITOS DE ADMISI\u00d3N<\/strong>Para hacer este curso es recomendable que tengas experiencia profesional en una organizaci\u00f3n deportiva o en cualquier \u00e1mbito de la gesti\u00f3n empresarial, \u00f3 haber desarrollado una carrera como deportista profesional.<\/p>\n<p><strong class=\"block\">PROCESO DE INSCRIPCI\u00d3N<\/strong>Si tienes inter\u00e9s en estudiar este programa, por favor cumplimenta el <a href=\"https:\/\/johancruyffinstitute.com\/es\/formulario-de-inscripcion-1\/\" target=\"_blank\" rel=\"noopener noreferrer\"> formulario de inscripci\u00f3n<\/a>. En cuanto hayamos confirmado la recepci\u00f3n del pago, nuestro departamento acad\u00e9mico se pondr\u00e1 en contacto contigo.<\/p>\n<\/div>\n<\/div>\n<div id=\"bloques-programas-programa\">\n<h4 id=\"programa\" class=\"programas cursos\">Programa<\/h4>\n<div id=\"quotablecontent\">\n<p>El programa tiene 8 cr\u00e9ditos (ECTS) distribuidos en 8 semanas. El curso se compone de unidades did\u00e1cticas (UD) con pruebas de evaluaci\u00f3n continuada en las que se trabaja una parte te\u00f3rica interactiva, complementada con la resoluci\u00f3n de ejercicios y casos pr\u00e1cticos.<\/p>\n<div class=\"modulos-cont-programas-cursos\">\n<div class=\"modulos-cont-left cursos icon-curso\"><span class=\"icon-file\">\u00ad<\/span><\/div>\n<div class=\"modulos-cont-right\">\n<p><strong>CONTENIDO\u00a0<\/strong><strong>I GESTI\u00d3N ECON\u00d3MICO-FINANCIERA EN ORGANIZACIONES DEPORTIVAS \u2013 4 ECTS<\/strong><\/p>\n<ul>\n<li>Finanzas y gesti\u00f3n deportiva<\/li>\n<li>Interpretaci\u00f3n de informes financieros<\/li>\n<li>An\u00e1lisis de los estados financieros<\/li>\n<li>Planificaci\u00f3n financiera<\/li>\n<\/ul>\n<p><strong>II MECANISMOS DE INVERSI\u00d3N Y FINANCIACI\u00d3N \u2013 4 ECTS<\/strong><\/p>\n<ul>\n<li>Inversiones y valoraci\u00f3n de proyectos<\/li>\n<li>Financiaci\u00f3n<\/li>\n<\/ul>\n<\/div>\n<\/div>\n<p><strong class=\"block\" style=\"line-height: 1.5em\">CERTIFICADO<\/strong><\/p>\n<p><span style=\"line-height: 1.5em\">Certificado del Curso de Gesti\u00f3n Financiera en Organizaciones Deportivas de Johan Cruyff Institute.<\/span><\/p>\n<\/div>\n<\/div>\n<div id=\"bloques-programas-modelo\">\n<h4 id=\"modelo\" class=\"programas cursos\">Modelo pedag\u00f3gico<\/h4>\n<div id=\"quotablecontent\">\n<p><strong class=\"block\">TUTORIZACI\u00d3N PERSONALIZADA<\/strong>Te asignaremos un tutor personal, quien ir\u00e1 marcando tu ritmo de trabajo\/estudio adapt\u00e1ndose a tu horario laboral y\/o deportivo. El tutor es el encargado de acompa\u00f1arte durante todo el proceso formativo, haciendo un seguimiento personalizado de tu evoluci\u00f3n acad\u00e9mica a lo largo del programa. Al inicio del curso, dise\u00f1ar\u00e9is conjuntamente un plan de acci\u00f3n tutorial (PAT). El tutor har\u00e1 una valoraci\u00f3n de tus conocimientos previos, experiencia profesional en el sector, disponibilidad y dedicaci\u00f3n.<\/p>\n<p>La comunicaci\u00f3n y resoluci\u00f3n de dudas se realizar\u00e1 a trav\u00e9s de:<\/p>\n<ul>\n<li>Mail: respuesta en un m\u00e1ximo de 24 horas.<\/li>\n<li>Asistencia v\u00eda chat \/ llamadas \/ videoconferencia.<\/li>\n<li>Tutor\u00eda personal (individual) de 30 minutos aproximadamente en un horario a convenir, con frecuencia semanal o quincenal.<\/li>\n<\/ul>\n<p><strong class=\"block\">BENEFICIOS<\/strong><\/p>\n<ul>\n<li>Aprendizaje 3.0: diferentes entornos de aprendizaje y tecnolog\u00edas.<\/li>\n<li><i>World-class faculty:<\/i>\u00a0Interacci\u00f3n con profesorado experto y profesionales del sector.<\/li>\n<li>Herramientas colaborativas, trabajos en equipo, comunicaci\u00f3n y debate.<\/li>\n<li><i>Sports-industry oriented<\/i>:\u00a0aproximando la formaci\u00f3n al sector empresarial de la industria del deporte.<\/li>\n<li><span style=\"line-height: 1.5em\">Aprendizaje basado en la experiencia: dise\u00f1ado para la mejora profesional.<\/span><\/li>\n<\/ul>\n<\/div>\n<\/div>\n<div id=\"bloques-programas\">\n<h4 id=\"profesorado\" class=\"programas cursos\">Profesorado<\/h4>\n<div id=\"quotablecontent\">\n<table class=\"profes\">\n<tbody><!-- JOSEP TORRES PRUNYONOSA --><\/p>\n<tr>\n<td>\n<div class=\"circular-image\"><img decoding=\"async\" class=\"lazy lazy-hidden\" src=\"https:\/\/johancruyffinstitute.com\/ecommerce\/wp-content\/uploads\/2018\/11\/b9a31d3949b1882a09ed2f8508d538f3.gif\" alt=\"Dr. Josep Torres Prunyonosa - Profesor en Johan Cruyff Institute\" data-lazy-type=\"image\" data-lazy-src=\"https:\/\/johancruyffinstitute.com\/wp-content\/uploads\/profesores\/Josep-Torres.jpg\" \/><\/div>\n<\/td>\n<td class=\"info\"><strong class=\"block\">Dr. Josep Torres Prunyonosa<a href=\"http:\/\/es.linkedin.com\/pub\/josep-torres-prunyonosa\/5a\/1b5\/a93\" target=\"_blank\" rel=\"noopener noreferrer\"><i class=\"icon-linkedin\">\u00ad<\/i><\/a><\/strong>Doctor en Ciencias Actuariales y Financieras. M\u00e1ster en Mercados Burs\u00e1tiles y Derivados\u00a0Financieros. Especialista en Banca, Valoraci\u00f3n de entidades deportivas, \u00c9tica en finanzas. Profesor colaborador de la EAE Business School, Universitat Aut\u00f3noma de Barcelona (UAB) y\u00a0EUNCET.<\/td>\n<\/tr>\n<\/tbody>\n<\/table>\n<\/div>\n<\/div>\n<div id=\"bloques-programas-atencion\">\n<h4 id=\"atencion\" class=\"programas cursos\">Atenci\u00f3n al alumno<\/h4>\n<div id=\"quotablecontent\">\n<p><strong class=\"block\">CAMPUS VIRTUAL<\/strong>Como alumno del Curso de Gesti\u00f3n Financiera en Organizaciones Deportivas, tendr\u00e1s acceso exclusivo a la plataforma de aprendizaje que te permite seguir tu progreso acad\u00e9mico 24 horas del d\u00eda y desde cualquier parte del mundo. El campus virtual te ofrece un entorno colaborativo entre profesores y alumnos facilitando mails, chats, videos, libros, art\u00edculos, casos, simulaciones, experiencias, webs, blogs y videoteca. Tendr\u00e1s un amplio abanico de herramientas a tu disposici\u00f3n para que tu experiencia de aprendizaje sea completa, interactiva y enriquecedora.<\/p>\n<p><strong class=\"block\">RED DE EX ALUMNOS Y NETWORKING<\/strong>Johan Cruyff Institute te ofrece la oportunidad de conectar y colaborar con otros alumnos, ex alumnos, profesores y miembros de la red global, y compartir tu pasi\u00f3n por el deporte y tu experiencia profesional con otras personas. Promovemos y facilitamos tu formaci\u00f3n continua. Nuestra comunidad es en este sentido una gran red de relaciones personales, sociales y profesionales, y su influencia se expande en los sectores deportivo y empresarial.<\/p>\n<\/div>\n<\/div>\n<div id=\"bloques-programas-datos\">\n<h4 id=\"datos\" class=\"programas cursos\">Datos b\u00e1sicos<\/h4>\n<div class=\"datos-generales\">\n<ul class=\"datos\">\n<li><i class=\"icon-mortar-board grande\"><\/i><strong>Titulaci\u00f3n: <\/strong>Certificado del Curso de Gesti\u00f3n Financiera en Organizaciones Deportivas de Johan Cruyff Institute<\/li>\n<li><i class=\"icon-loop2\"><\/i><strong>Duraci\u00f3n: <\/strong>8 semanas. 8 ECTS (dedicaci\u00f3n semanal de 10-12 horas)<\/li>\n<li><i class=\"icon-calendar\"><\/i><strong>Inicio: <\/strong>4 de enero de 2016 \/ 16 de mayo de 2016<\/li>\n<li><i class=\"icon-connection\"><\/i><strong>Modalidad: <\/strong>Online. Tambi\u00e9n disponible en la modalidad <a href=\"https:\/\/johancruyffinstitute.com\/es\/programa\/curso-de-gestion-financiera-en-organizaciones-deportivas-barcelona\/\" target=\"_blank\" rel=\"noopener noreferrer\">presencial en Barcelona (castellano)<\/a><\/li>\n<li><i class=\"icon-bullhorn\"><\/i><strong>Idioma: <\/strong>Castellano &amp; ingl\u00e9s<\/li>\n<li><i class=\"icon-coin\"><\/i><strong>Precio: <\/strong>1.000,- \u20ac<\/li>\n<li><i class=\"icon-ticket\"><\/i><strong>Condiciones especiales: <\/strong>Descuento para antiguos alumnos y socios de entidades vinculadas<\/li>\n<li><i class=\"icon-pencil22\"><\/i><strong>Inscripci\u00f3n: <\/strong>Inscripci\u00f3n abierta hasta el inicio del curso<\/li>\n<\/ul>\n<\/div>\n<div id=\"quotablecontent\">\n<p><img decoding=\"async\" class=\"lazy lazy-hidden aligncenter size-full wp-image-10601\" src=\"https:\/\/johancruyffinstitute.com\/ecommerce\/wp-content\/uploads\/2018\/11\/b9a31d3949b1882a09ed2f8508d538f3.gif\" alt=\"Ranking SportBusiness\" data-lazy-type=\"image\" data-lazy-src=\"https:\/\/johancruyffinstitute.com\/wp-content\/themes\/Revera\/images\/ranking-gestion-deportiva.jpg\" \/><\/p>\n<\/div>\n<\/div>\n\n<div> Deseo recibir la newsletter<\/div>\n<p>-Ninguno-<br \/>\nWeb<br \/>\nChat web<br \/>\nAdwords<br \/>\nMail<br \/>\nPhone call<br \/>\nSkype<br \/>\nEmagister ES<br \/>\nEmagister COL<br \/>\nEmagister CHI<br \/>\nEmagister MEX<br \/>\nEmagister ARG<br \/>\nEmagister UK<br \/>\nMasterstudies<br \/>\nCourse for Me<br \/>\nFind A Masters<br \/>\nDegrees in Sports<br \/>\nFacebook<br \/>\nTwitter<br \/>\nLinkedin<br \/>\nOtro<\/p>\n<p>INT.101.EN.1<br \/>\nINT.102.EN.1<br \/>\nINT.151.EN.1<br \/>\nINT.152.EN.1<br \/>\nINT.153.EN.1<br \/>\nINT.154.EN.1<br \/>\nINT.301.EN.1<br \/>\nINT.302.EN.1<br \/>\nINT.303.EN.1<br \/>\nINT.304.EN.1<br \/>\nINT.305.EN.1<br \/>\nINT.306.EN.1<br \/>\nINT.307.EN.1<br \/>\nINT.308.EN.1<br \/>\nINT.101.ES.1<br \/>\nINT.102.ES.1<br \/>\nINT.151.ES.1<br \/>\nINT.152.ES.1<br \/>\nINT.153.ES.1<br \/>\nINT.154.ES.1<br \/>\nINT.301.ES.1<br \/>\nINT.302.ES.1<br \/>\nINT.303.ES.1<br \/>\nINT.304.ES.1<br \/>\nINT.305.ES.1<br \/>\nINT.306.ES.1<br \/>\nINT.307.ES.1<br \/>\nINT.308.ES.1<br \/>\nAMS.101.EN.2<br \/>\nAMS.103.NL.2<br \/>\nAMS.301.NL.1<br \/>\nBCN.101.ES.2<br \/>\nBCN.151.ES.2<br \/>\nBCN.152.ES.2<br \/>\nBCN.303.ES.2<br \/>\nBCN.304.ES.2<br \/>\nBCN.305.ES.2<br \/>\nBCN.306.ES.2<br \/>\nBCN.307.ES.2<br \/>\nBCN.308.ES.2<\/p>\n<p>-Ninguno-<br \/>\nJCI INT<br \/>\nJCI BCN<br \/>\nJCI AMS<\/p>\n<p>-Ninguno-<br \/>\nEN<br \/>\nES<br \/>\nNL<\/p>\n<p><img decoding=\"async\" id=\"imgid\" class=\"lazy lazy-hidden\" style=\"height: 40px;float: left;clear: both\" src=\"https:\/\/johancruyffinstitute.com\/ecommerce\/wp-content\/uploads\/2018\/11\/b9a31d3949b1882a09ed2f8508d538f3.gif\" alt=\"\" data-lazy-type=\"image\" data-lazy-src=\"https:\/\/crm.zoho.com\/crm\/CaptchaServlet?formId=zLBPEA7Ex-G4-I@-a6T8H6a2@tjVRYX2&amp;grpid=5B9eBnC87VRthYo@kRl79w%24%24\" \/><a style=\"float: left;clear: both;margin-bottom: 20px\" href=\"https:\/\/johancruyffinstitute.com\/es\/programa\/curso-de-gestion-financiera-en-organizaciones-deportivas-online\/\">Recargar<\/a><\/p>\n<p><img decoding=\"async\" class=\"lazy lazy-hidden\" src=\"https:\/\/johancruyffinstitute.com\/ecommerce\/wp-content\/uploads\/2018\/11\/b9a31d3949b1882a09ed2f8508d538f3.gif\" alt=\"\" data-lazy-type=\"iframe\" data-lazy-src=\"&lt;iframe style=&quot;display: none;&quot; name=&quot;captchaFrame&quot; width=&quot;320&quot; height=&quot;240&quot;&gt;&lt;\/iframe&gt;\" \/><\/p>\n<\/div>\n<\/div>\n<\/div>\n<\/div>\n<\/div>\n<\/div>\n<\/div>\n","protected":false},"excerpt":{"rendered":"<p>Introduccion Dominar las finanzas en el mundo del deporte sigue siendo un desaf\u00edo importante para muchos ejecutivos. Una planificaci\u00f3n financiera sana y un conocimiento sobre las opciones de financiaci\u00f3n son aspectos fundamentales a la hora de gestionar o dirigir una organizaci\u00f3n deportiva con \u00e9xito. Este curso de 2 meses de duraci\u00f3n te introduce a los aspectos clave de la gesti\u00f3n financiera para aplicarlos en tu d\u00eda a d\u00eda como responsable de una organizaci\u00f3n deportiva. Objetivos El objetivo principal del Curso de Gesti\u00f3n Financiera en Organizaciones Deportivas es comprender los principios b\u00e1sicos de la gesti\u00f3n financiera aplicados al sector deportivo. Te capacitar\u00e1s en el uso de herramientas de planificaci\u00f3n financiera que te ayudar\u00e1n en tu responsabilidad como ejecutivo\/directivo de una organizaci\u00f3n deportiva. COMPETENCIAS Entender y saber interpretar los estados financieros de una organizaci\u00f3n deportiva (balance, cuenta de explotaci\u00f3n, tesorer\u00eda). Elaborar una evaluaci\u00f3n econ\u00f3mica y financiera de proyectos empresariales en el deporte. Conocer las distintas instituciones y mecanismos p\u00fablicos y privados de financiaci\u00f3n. Saber reconocer y utilizar todos los recursos financieros disponibles. Utilizar sistemas de informaci\u00f3n financiera avanzados de apoyo a la toma de decisiones empresariales. Itinerario acad\u00e9mico Tienes la opci\u00f3n de cursar este curso y otros cursos especializados (en cualquier modalidad), [&hellip;]<\/p>\n","protected":false},"featured_media":8081,"template":"","meta":[],"product_brand":[],"product_cat":[90],"product_tag":[],"class_list":{"0":"post-8080","1":"product","2":"type-product","3":"status-publish","4":"has-post-thumbnail","6":"product_cat-curso","8":"first","9":"instock","10":"shipping-taxable","11":"purchasable","12":"product-type-simple"},"_zoho_id":"1145298000004295505","_track_id":"1145298000348749247","_price_per_credit":"141","_admission_fee":"0","_reservation_fee":"0","_quantity_of_credits":"6","_zoho_categories":"Curso","_links":{"self":[{"href":"https:\/\/johancruyffinstitute.com\/ecommerce\/es\/wp-json\/wp\/v2\/product\/8080","targetHints":{"allow":["GET"]}}],"collection":[{"href":"https:\/\/johancruyffinstitute.com\/ecommerce\/es\/wp-json\/wp\/v2\/product"}],"about":[{"href":"https:\/\/johancruyffinstitute.com\/ecommerce\/es\/wp-json\/wp\/v2\/types\/product"}],"wp:featuredmedia":[{"embeddable":true,"href":"https:\/\/johancruyffinstitute.com\/ecommerce\/es\/wp-json\/"}],"wp:attachment":[{"href":"https:\/\/johancruyffinstitute.com\/ecommerce\/es\/wp-json\/wp\/v2\/media?parent=8080"}],"wp:term":[{"taxonomy":"product_brand","embeddable":true,"href":"https:\/\/johancruyffinstitute.com\/ecommerce\/es\/wp-json\/wp\/v2\/product_brand?post=8080"},{"taxonomy":"product_cat","embeddable":true,"href":"https:\/\/johancruyffinstitute.com\/ecommerce\/es\/wp-json\/wp\/v2\/product_cat?post=8080"},{"taxonomy":"product_tag","embeddable":true,"href":"https:\/\/johancruyffinstitute.com\/ecommerce\/es\/wp-json\/wp\/v2\/product_tag?post=8080"}],"curies":[{"name":"wp","href":"https:\/\/api.w.org\/{rel}","templated":true}]}}