{"id":8782,"date":"2019-05-21T15:21:57","date_gmt":"2019-05-21T13:21:57","guid":{"rendered":"https:\/\/johancruyffinstitute.com\/ecommerce\/?post_type=product&#038;p=8782"},"modified":"2025-07-03T23:10:54","modified_gmt":"2025-07-03T21:10:54","slug":"tasa-de-admision-master-en-marketing-deportivo-y-patrocinio-online","status":"publish","type":"product","link":"https:\/\/johancruyffinstitute.com\/ecommerce\/es\/tienda\/tasa-de-admision-master-en-marketing-deportivo-y-patrocinio-online\/","title":{"rendered":"Tasa de Inscripci\u00f3n &#8211; M\u00e1ster en Sport Business Online &#8211; Menci\u00f3n en Marketing Deportivo y Patrocinio"},"content":{"rendered":"","protected":false},"excerpt":{"rendered":"","protected":false},"featured_media":0,"template":"","meta":[],"product_brand":[],"product_cat":[92,107],"product_tag":[],"class_list":{"0":"post-8782","1":"product","2":"type-product","3":"status-publish","5":"product_cat-master-2","6":"product_cat-pre-enroll","8":"first","9":"instock","10":"shipping-taxable","11":"purchasable","12":"product-type-simple"},"_zoho_id":"1145298000064309671","_track_id":"1145298000203956092","_price_per_credit":"","_admission_fee":"","_reservation_fee":"","_quantity_of_credits":"","_zoho_categories":"Tasas de inscripci\u00f3n","_links":{"self":[{"href":"https:\/\/johancruyffinstitute.com\/ecommerce\/es\/wp-json\/wp\/v2\/product\/8782","targetHints":{"allow":["GET"]}}],"collection":[{"href":"https:\/\/johancruyffinstitute.com\/ecommerce\/es\/wp-json\/wp\/v2\/product"}],"about":[{"href":"https:\/\/johancruyffinstitute.com\/ecommerce\/es\/wp-json\/wp\/v2\/types\/product"}],"wp:attachment":[{"href":"https:\/\/johancruyffinstitute.com\/ecommerce\/es\/wp-json\/wp\/v2\/media?parent=8782"}],"wp:term":[{"taxonomy":"product_brand","embeddable":true,"href":"https:\/\/johancruyffinstitute.com\/ecommerce\/es\/wp-json\/wp\/v2\/product_brand?post=8782"},{"taxonomy":"product_cat","embeddable":true,"href":"https:\/\/johancruyffinstitute.com\/ecommerce\/es\/wp-json\/wp\/v2\/product_cat?post=8782"},{"taxonomy":"product_tag","embeddable":true,"href":"https:\/\/johancruyffinstitute.com\/ecommerce\/es\/wp-json\/wp\/v2\/product_tag?post=8782"}],"curies":[{"name":"wp","href":"https:\/\/api.w.org\/{rel}","templated":true}]}}