{"id":9507,"date":"2019-12-15T17:24:23","date_gmt":"2019-12-15T16:24:23","guid":{"rendered":"https:\/\/johancruyffinstitute.com\/ecommerce\/?post_type=product&#038;p=9507"},"modified":"2020-08-14T10:06:05","modified_gmt":"2020-08-14T08:06:05","slug":"preinscripcion-posgrado-en-negocios-y-administracion-del-futbol-online","status":"publish","type":"product","link":"https:\/\/johancruyffinstitute.com\/ecommerce\/es\/tienda\/preinscripcion-posgrado-en-negocios-y-administracion-del-futbol-online\/","title":{"rendered":"Preinscripci\u00f3n Posgrado en Negocios y Administraci\u00f3n del F\u00fatbol Online"},"content":{"rendered":"","protected":false},"excerpt":{"rendered":"","protected":false},"featured_media":0,"template":"","meta":[],"product_brand":[],"product_cat":[108],"product_tag":[],"class_list":{"0":"post-9507","1":"product","2":"type-product","3":"status-publish","5":"product_cat-pre-enroll","7":"first","8":"instock","9":"shipping-taxable","10":"purchasable","11":"product-type-simple"},"_zoho_id":"","_track_id":"","_price_per_credit":"","_admission_fee":"","_reservation_fee":"","_quantity_of_credits":"","_zoho_categories":"","_links":{"self":[{"href":"https:\/\/johancruyffinstitute.com\/ecommerce\/es\/wp-json\/wp\/v2\/product\/9507","targetHints":{"allow":["GET"]}}],"collection":[{"href":"https:\/\/johancruyffinstitute.com\/ecommerce\/es\/wp-json\/wp\/v2\/product"}],"about":[{"href":"https:\/\/johancruyffinstitute.com\/ecommerce\/es\/wp-json\/wp\/v2\/types\/product"}],"wp:attachment":[{"href":"https:\/\/johancruyffinstitute.com\/ecommerce\/es\/wp-json\/wp\/v2\/media?parent=9507"}],"wp:term":[{"taxonomy":"product_brand","embeddable":true,"href":"https:\/\/johancruyffinstitute.com\/ecommerce\/es\/wp-json\/wp\/v2\/product_brand?post=9507"},{"taxonomy":"product_cat","embeddable":true,"href":"https:\/\/johancruyffinstitute.com\/ecommerce\/es\/wp-json\/wp\/v2\/product_cat?post=9507"},{"taxonomy":"product_tag","embeddable":true,"href":"https:\/\/johancruyffinstitute.com\/ecommerce\/es\/wp-json\/wp\/v2\/product_tag?post=9507"}],"curies":[{"name":"wp","href":"https:\/\/api.w.org\/{rel}","templated":true}]}}